{"id":811,"date":"2023-05-24T19:02:17","date_gmt":"2023-05-24T17:02:17","guid":{"rendered":"https:\/\/kmcr.fr\/?page_id=811"},"modified":"2026-01-04T11:37:59","modified_gmt":"2026-01-04T10:37:59","slug":"nos-tarifs-2","status":"publish","type":"page","link":"https:\/\/kmcr.fr\/index.php\/nos-tarifs-2\/","title":{"rendered":"Nos tarifs"},"content":{"rendered":"\t\t<div data-elementor-type=\"wp-page\" data-elementor-id=\"811\" class=\"elementor elementor-811\">\n\t\t\t\t\t\t<section class=\"elementor-section elementor-top-section elementor-element elementor-element-ee9dfdb elementor-section-boxed elementor-section-height-default elementor-section-height-default\" data-id=\"ee9dfdb\" data-element_type=\"section\" data-e-type=\"section\">\n\t\t\t\t\t\t<div class=\"elementor-container elementor-column-gap-default\">\n\t\t\t\t\t<div class=\"elementor-column elementor-col-100 elementor-top-column elementor-element elementor-element-fe765c6\" data-id=\"fe765c6\" data-element_type=\"column\" data-e-type=\"column\">\n\t\t\t<div class=\"elementor-widget-wrap\">\n\t\t\t\t\t\t\t<\/div>\n\t\t<\/div>\n\t\t\t\t\t<\/div>\n\t\t<\/section>\n\t\t\t\t<section class=\"elementor-section elementor-top-section elementor-element elementor-element-6b35997 elementor-section-content-middle elementor-section-height-min-height elementor-section-boxed elementor-section-height-default elementor-section-items-middle\" data-id=\"6b35997\" data-element_type=\"section\" data-e-type=\"section\" data-settings=\"{&quot;background_background&quot;:&quot;classic&quot;}\">\n\t\t\t\t\t\t\t<div class=\"elementor-background-overlay\"><\/div>\n\t\t\t\t\t\t\t<div class=\"elementor-container elementor-column-gap-wider\">\n\t\t\t\t\t<div class=\"elementor-column elementor-col-100 elementor-top-column elementor-element elementor-element-a9db8f2\" data-id=\"a9db8f2\" data-element_type=\"column\" data-e-type=\"column\">\n\t\t\t<div class=\"elementor-widget-wrap elementor-element-populated\">\n\t\t\t\t\t<div class=\"elementor-background-overlay\"><\/div>\n\t\t\t\t\t\t<div class=\"elementor-element elementor-element-a4548ac elementor-widget elementor-widget-heading\" data-id=\"a4548ac\" data-element_type=\"widget\" data-e-type=\"widget\" data-widget_type=\"heading.default\">\n\t\t\t\t<div class=\"elementor-widget-container\">\n\t\t\t\t\t<h5 class=\"elementor-heading-title elementor-size-default\">saison 2025\/2026<\/h5>\t\t\t\t<\/div>\n\t\t\t\t<\/div>\n\t\t\t\t<div class=\"elementor-element elementor-element-c72dff9 elementor-widget elementor-widget-heading\" data-id=\"c72dff9\" data-element_type=\"widget\" data-e-type=\"widget\" data-widget_type=\"heading.default\">\n\t\t\t\t<div class=\"elementor-widget-container\">\n\t\t\t\t\t<h2 class=\"elementor-heading-title elementor-size-default\"><a href=\"https:\/\/kmcr.fr\/index.php\/inscriptions\/\" target=\"_blank\">Nos tarifs<\/a><\/h2>\t\t\t\t<\/div>\n\t\t\t\t<\/div>\n\t\t\t\t<div class=\"elementor-element elementor-element-f3a7cf2 elementor-widget elementor-widget-text-editor\" data-id=\"f3a7cf2\" data-element_type=\"widget\" data-e-type=\"widget\" data-widget_type=\"text-editor.default\">\n\t\t\t\t<div class=\"elementor-widget-container\">\n\t\t\t\t\t\t\t\t\t<div>Le tarif&nbsp;se d\u00e9compose<b>&nbsp;<\/b>en une <em>cotisation au club<\/em> et une <em>licence f\u00e9d\u00e9rale<\/em>.<\/div>\n<div>La cotisation au club se r\u00e8gle \u00e0 votre inscription (uniquement par ch\u00e8que ou esp\u00e8ces).&nbsp;<\/div>\n<div>La licence (33\u20ac) sera \u00e0 prendre en ligne par vous-m\u00eame directement sur le site de la f\u00e9d\u00e9ration (la proc\u00e9dure vous sera communiqu\u00e9e lors de votre inscription).<\/div>\n<div>&nbsp;<\/div>\n<div><span style=\"text-decoration: underline;\">Cotisation club<\/span> pour la saison 2025\/2026 (en fonction des places disponibles) : Tarif adh\u00e9sion en janvier 2026 : 300\u20ac &#8211; F\u00e9vrier 2026 : 250\u20ac &#8211; Mars 2026 : 200\u20ac<br>(ces tarifs sont valables pour la saison restant \u00e0 courir : jusqu&rsquo;en juin 2026)<\/div><div><br><\/div>\n<div>Tarif saison pleine (sept \u00e0 juin) : Nouvel adh\u00e9rent : 390\u20ac<\/div>\n<div>Adh\u00e9rent(e) seconde ann\u00e9e (cons\u00e9cutive) : 350\u20ac<\/div>\n<div>Adh\u00e9rent(e) troisi\u00e8me ann\u00e9e (cons\u00e9cutive) et au-del\u00e0 : 300\u20ac<br>Pour b\u00e9n\u00e9ficier du tarif de fid\u00e9lit\u00e9 2\u00e8me et 3\u00e8me ann\u00e9e, il est imp\u00e9ratif de s&rsquo;\u00eatre inscrit(e) avant le 31 d\u00e9cembre de la saison pr\u00e9c\u00e9dente : toute inscription au-del\u00e0 du 31\/12 n&rsquo;ouvre pas droit au tarif fid\u00e9lit\u00e9.<\/div>\n<div>&nbsp;<\/div>\n<p>Les inscriptions sont possibles m\u00eame durant la saison en cours \u00e0 condition qu&rsquo;il nous reste des places (100 adh\u00e9rents maximum par saison)<\/p>\t\t\t\t\t\t\t\t<\/div>\n\t\t\t\t<\/div>\n\t\t\t\t<div class=\"elementor-element elementor-element-b782170 elementor-align-center elementor-widget elementor-widget-button\" data-id=\"b782170\" data-element_type=\"widget\" data-e-type=\"widget\" data-widget_type=\"button.default\">\n\t\t\t\t<div class=\"elementor-widget-container\">\n\t\t\t\t\t\t\t\t\t<div class=\"elementor-button-wrapper\">\n\t\t\t\t\t<a class=\"elementor-button elementor-button-link elementor-size-sm\" href=\"https:\/\/kmcr.fr\/index.php\/inscriptions\/\">\n\t\t\t\t\t\t<span class=\"elementor-button-content-wrapper\">\n\t\t\t\t\t\t\t\t\t<span class=\"elementor-button-text\">S'inscrire au club<\/span>\n\t\t\t\t\t<\/span>\n\t\t\t\t\t<\/a>\n\t\t\t\t<\/div>\n\t\t\t\t\t\t\t\t<\/div>\n\t\t\t\t<\/div>\n\t\t\t\t\t<\/div>\n\t\t<\/div>\n\t\t\t\t\t<\/div>\n\t\t<\/section>\n\t\t\t\t<\/div>\n\t\t","protected":false},"excerpt":{"rendered":"<p>saison 2025\/2026 Nos tarifs Le tarif&nbsp;se d\u00e9compose&nbsp;en une cotisation au club et une licence f\u00e9d\u00e9rale. La cotisation au club se r\u00e8gle \u00e0 votre inscription (uniquement par ch\u00e8que ou esp\u00e8ces).&nbsp; La licence (33\u20ac) sera \u00e0 prendre en ligne par vous-m\u00eame directement sur le site de la f\u00e9d\u00e9ration (la proc\u00e9dure vous sera communiqu\u00e9e lors de votre inscription)&#8230;.<\/p>\n","protected":false},"author":1,"featured_media":0,"parent":0,"menu_order":0,"comment_status":"closed","ping_status":"closed","template":"","meta":{"_monsterinsights_skip_tracking":false,"_monsterinsights_sitenote_active":false,"_monsterinsights_sitenote_note":"","_monsterinsights_sitenote_category":0,"_kad_post_transparent":"","_kad_post_title":"hide","_kad_post_layout":"fullwidth","_kad_post_sidebar_id":"","_kad_post_content_style":"unboxed","_kad_post_vertical_padding":"hide","_kad_post_feature":"hide","_kad_post_feature_position":"","_kad_post_header":false,"_kad_post_footer":false,"_kad_post_classname":"","footnotes":""},"class_list":["post-811","page","type-page","status-publish","hentry"],"_links":{"self":[{"href":"https:\/\/kmcr.fr\/index.php\/wp-json\/wp\/v2\/pages\/811","targetHints":{"allow":["GET"]}}],"collection":[{"href":"https:\/\/kmcr.fr\/index.php\/wp-json\/wp\/v2\/pages"}],"about":[{"href":"https:\/\/kmcr.fr\/index.php\/wp-json\/wp\/v2\/types\/page"}],"author":[{"embeddable":true,"href":"https:\/\/kmcr.fr\/index.php\/wp-json\/wp\/v2\/users\/1"}],"replies":[{"embeddable":true,"href":"https:\/\/kmcr.fr\/index.php\/wp-json\/wp\/v2\/comments?post=811"}],"version-history":[{"count":72,"href":"https:\/\/kmcr.fr\/index.php\/wp-json\/wp\/v2\/pages\/811\/revisions"}],"predecessor-version":[{"id":1861,"href":"https:\/\/kmcr.fr\/index.php\/wp-json\/wp\/v2\/pages\/811\/revisions\/1861"}],"wp:attachment":[{"href":"https:\/\/kmcr.fr\/index.php\/wp-json\/wp\/v2\/media?parent=811"}],"curies":[{"name":"wp","href":"https:\/\/api.w.org\/{rel}","templated":true}]}}