{"id":415,"date":"2023-05-18T18:13:17","date_gmt":"2023-05-18T16:13:17","guid":{"rendered":"https:\/\/kmcr.fr\/?page_id=415"},"modified":"2025-10-05T11:42:37","modified_gmt":"2025-10-05T09:42:37","slug":"inscriptions","status":"publish","type":"page","link":"https:\/\/kmcr.fr\/index.php\/inscriptions\/","title":{"rendered":"Inscriptions"},"content":{"rendered":"\t\t<div data-elementor-type=\"wp-page\" data-elementor-id=\"415\" class=\"elementor elementor-415\">\n\t\t\t\t\t\t<section class=\"elementor-section elementor-top-section elementor-element elementor-element-543cb1b elementor-section-boxed elementor-section-height-default elementor-section-height-default\" data-id=\"543cb1b\" data-element_type=\"section\" data-e-type=\"section\">\n\t\t\t\t\t\t<div class=\"elementor-container elementor-column-gap-default\">\n\t\t\t\t\t<div class=\"elementor-column elementor-col-100 elementor-top-column elementor-element elementor-element-6a0519a\" data-id=\"6a0519a\" data-element_type=\"column\" data-e-type=\"column\">\n\t\t\t<div class=\"elementor-widget-wrap\">\n\t\t\t\t\t\t\t<\/div>\n\t\t<\/div>\n\t\t\t\t\t<\/div>\n\t\t<\/section>\n\t\t\t\t<section class=\"elementor-section elementor-top-section elementor-element elementor-element-b1f0536 elementor-section-content-middle elementor-section-height-min-height elementor-section-boxed elementor-section-height-default elementor-section-items-middle\" data-id=\"b1f0536\" data-element_type=\"section\" data-e-type=\"section\" data-settings=\"{&quot;background_background&quot;:&quot;classic&quot;}\">\n\t\t\t\t\t\t\t<div class=\"elementor-background-overlay\"><\/div>\n\t\t\t\t\t\t\t<div class=\"elementor-container elementor-column-gap-wider\">\n\t\t\t\t\t<div class=\"elementor-column elementor-col-100 elementor-top-column elementor-element elementor-element-72ac7304\" data-id=\"72ac7304\" data-element_type=\"column\" data-e-type=\"column\">\n\t\t\t<div class=\"elementor-widget-wrap elementor-element-populated\">\n\t\t\t\t\t<div class=\"elementor-background-overlay\"><\/div>\n\t\t\t\t\t\t<div class=\"elementor-element elementor-element-76f9c57f elementor-widget elementor-widget-heading\" data-id=\"76f9c57f\" data-element_type=\"widget\" data-e-type=\"widget\" data-widget_type=\"heading.default\">\n\t\t\t\t<div class=\"elementor-widget-container\">\n\t\t\t\t\t<h5 class=\"elementor-heading-title elementor-size-default\">L'INSCRIPTION, le dossier d'inscription, LES MODALIT\u00c9S, les AUTRES COURS <\/h5>\t\t\t\t<\/div>\n\t\t\t\t<\/div>\n\t\t\t\t<div class=\"elementor-element elementor-element-2a1612ed elementor-widget elementor-widget-heading\" data-id=\"2a1612ed\" data-element_type=\"widget\" data-e-type=\"widget\" data-widget_type=\"heading.default\">\n\t\t\t\t<div class=\"elementor-widget-container\">\n\t\t\t\t\t<h6 class=\"elementor-heading-title elementor-size-default\"><a href=\"https:\/\/kmcr.fr\/index.php\/inscriptions\/\" target=\"_blank\">S'INSCRIRE AU CLUB<\/a><\/h6>\t\t\t\t<\/div>\n\t\t\t\t<\/div>\n\t\t\t\t<div class=\"elementor-element elementor-element-f8aee16 elementor-widget elementor-widget-text-editor\" data-id=\"f8aee16\" data-element_type=\"widget\" data-e-type=\"widget\" data-widget_type=\"text-editor.default\">\n\t\t\t\t<div class=\"elementor-widget-container\">\n\t\t\t\t\t\t\t\t\t<p><strong>LE COURS D&rsquo;ESSAI PUIS L&rsquo;INSCRIPTION<\/strong><\/p><p>Il est primordial d&rsquo;effectuer un cours d&rsquo;essai avant de vous inscrire : il est n\u00e9cessaire, en effet, de conna\u00eetre la structure d&rsquo;un cours, les professeurs, leur p\u00e9dagogie et le profil des adh\u00e9rents. Il faut \u00ab\u00a0sentir\u00a0\u00bb l&rsquo;ambiance du club.\u00a0<\/p><p>Si le cours d&rsquo;essai vous a plu et que vous souhaitez poursuivre avec nous, il vous suffira de revenir au cours suivant avec votre dossier d&rsquo;inscription (t\u00e9l\u00e9chargeable ci-dessous).<br \/>Dans la mesure o\u00f9 nous n&rsquo;avons qu&rsquo;un nombre limit\u00e9 de places (100 adh\u00e9rents maximum par saison), il vous est conseill\u00e9 de ne pas tarder \u00e0 vous inscrire.\u00a0<\/p><p>Il vous est fortement recommand\u00e9 de bien prendre connaissance des documents \u00e0 signer.<\/p><p><strong>NOS INSCRIPTIONS POUR LA SAISON 2025\/2026 SONT TOUJOURS OUVERTES <\/strong><span style=\"text-decoration: underline;\"><em>(mise \u00e0 jour au 05\/10\/2025)<\/em><\/span><\/p><p><span style=\"text-decoration: underline;\"><em>Attention :<\/em><\/span><em> n&rsquo;ac<\/em>hetez pas votre licence f\u00e9d\u00e9rale <span style=\"text-decoration: underline;\">avant<\/span> votre inscription au club.<\/p>\t\t\t\t\t\t\t\t<\/div>\n\t\t\t\t<\/div>\n\t\t\t\t\t<\/div>\n\t\t<\/div>\n\t\t\t\t\t<\/div>\n\t\t<\/section>\n\t\t\t\t<section class=\"elementor-section elementor-top-section elementor-element elementor-element-538abe3 elementor-section-content-middle elementor-section-height-min-height elementor-section-boxed elementor-section-height-default elementor-section-items-middle\" data-id=\"538abe3\" data-element_type=\"section\" data-e-type=\"section\" data-settings=\"{&quot;background_background&quot;:&quot;classic&quot;}\">\n\t\t\t\t\t\t\t<div class=\"elementor-background-overlay\"><\/div>\n\t\t\t\t\t\t\t<div class=\"elementor-container elementor-column-gap-wider\">\n\t\t\t\t\t<div class=\"elementor-column elementor-col-100 elementor-top-column elementor-element elementor-element-e7ed82a\" data-id=\"e7ed82a\" data-element_type=\"column\" data-e-type=\"column\">\n\t\t\t<div class=\"elementor-widget-wrap elementor-element-populated\">\n\t\t\t\t\t<div class=\"elementor-background-overlay\"><\/div>\n\t\t\t\t\t\t<div class=\"elementor-element elementor-element-ade1403 elementor-widget elementor-widget-heading\" data-id=\"ade1403\" data-element_type=\"widget\" data-e-type=\"widget\" data-widget_type=\"heading.default\">\n\t\t\t\t<div class=\"elementor-widget-container\">\n\t\t\t\t\t<h5 class=\"elementor-heading-title elementor-size-default\">LE dossier <\/h5>\t\t\t\t<\/div>\n\t\t\t\t<\/div>\n\t\t\t\t<div class=\"elementor-element elementor-element-8e6fdd8 elementor-widget elementor-widget-heading\" data-id=\"8e6fdd8\" data-element_type=\"widget\" data-e-type=\"widget\" data-widget_type=\"heading.default\">\n\t\t\t\t<div class=\"elementor-widget-container\">\n\t\t\t\t\t<h2 class=\"elementor-heading-title elementor-size-default\"><a href=\"https:\/\/kmcr.fr\/index.php\/inscriptions\/\" target=\"_blank\">LE DOSSIER D'INSCRIPTION<\/a><\/h2>\t\t\t\t<\/div>\n\t\t\t\t<\/div>\n\t\t\t\t<div class=\"elementor-element elementor-element-7cf07cb elementor-widget elementor-widget-text-editor\" data-id=\"7cf07cb\" data-element_type=\"widget\" data-e-type=\"widget\" data-widget_type=\"text-editor.default\">\n\t\t\t\t<div class=\"elementor-widget-container\">\n\t\t\t\t\t\t\t\t\t<p>Les \u00e9l\u00e9ments \u00e0 nous fournir dans le dossier d&rsquo;inscription sont :<br \/><span style=\"font-family: var(--global-body-font-family);\">&#8211; 1 certificat m\u00e9dical d&rsquo;aptitude \u00e0 la pratique du Krav Maga.<br \/><\/span><span style=\"font-family: var(--global-body-font-family);\">&#8211; 2 photos d&rsquo;identit\u00e9 (sauf pour les anciens),<br \/><\/span><span style=\"font-family: var(--global-body-font-family);\">&#8211; La Fiche d&rsquo;inscription remplie et sign\u00e9e,<br \/><\/span><span style=\"font-family: var(--global-body-font-family);\">&#8211; Le r\u00e8glement int\u00e9rieur sign\u00e9,<br \/><\/span><span style=\"font-family: var(--global-body-font-family);\">&#8211; La d\u00e9charge sign\u00e9e,<br \/><\/span><span style=\"font-family: var(--global-body-font-family);\">&#8211; La page 2 de la demande de licence F\u00e9d\u00e9rale (FEKM) (pas re\u00e7ue de la f\u00e9d\u00e9 \u00e0 cette date<\/span><\/p><p><span style=\"font-family: var(--global-body-font-family);\">&#8211; Le r\u00e8glement de la cotisation club<\/span><\/p><p><span style=\"font-family: var(--global-body-font-family);\">Pour les cours d&rsquo;essai, merci de remplir la d\u00e9charge (une seule fois, m\u00eame si vous participez \u00e0 plusieurs cours d&rsquo;essai), mais sinon, il vous sera demand\u00e9 de la signer le jour du cours d&rsquo;essai.<\/span><\/p><p><span style=\"font-family: var(--global-body-font-family);\">La pr<\/span><i style=\"font-family: var(--global-body-font-family);\">o<\/i><span style=\"font-family: var(--global-body-font-family);\">c\u00e9dure de demande de licence vous sera indiqu\u00e9e lors de l&rsquo;inscription.<\/span><\/p><p>Nous n&rsquo;avons qu&rsquo;un nombre limit\u00e9 de places (100 adh\u00e9rents maximum par saison), il vous est conseill\u00e9 de ne pas tarder \u00e0 vous inscrire : faire partie de notre club n&rsquo;est donc pas donn\u00e9 \u00e0 tout le monde.\u00a0<\/p><p>Il vous est fortement recommand\u00e9 de bien prendre connaissance des documents \u00e0 signer<\/p>\t\t\t\t\t\t\t\t<\/div>\n\t\t\t\t<\/div>\n\t\t\t\t<div class=\"elementor-element elementor-element-7fe197b elementor-align-center elementor-widget elementor-widget-button\" data-id=\"7fe197b\" data-element_type=\"widget\" data-e-type=\"widget\" data-widget_type=\"button.default\">\n\t\t\t\t<div class=\"elementor-widget-container\">\n\t\t\t\t\t\t\t\t\t<div class=\"elementor-button-wrapper\">\n\t\t\t\t\t<a class=\"elementor-button elementor-button-link elementor-size-sm\" href=\"https:\/\/kmcr.fr\/wp-content\/uploads\/2025\/08\/DossierInscription_2025-2026_compressed.pdf\" target=\"_blank\">\n\t\t\t\t\t\t<span class=\"elementor-button-content-wrapper\">\n\t\t\t\t\t\t\t\t\t<span class=\"elementor-button-text\">Je t\u00e9l\u00e9charge le dossier d'inscription<\/span>\n\t\t\t\t\t<\/span>\n\t\t\t\t\t<\/a>\n\t\t\t\t<\/div>\n\t\t\t\t\t\t\t\t<\/div>\n\t\t\t\t<\/div>\n\t\t\t\t\t<\/div>\n\t\t<\/div>\n\t\t\t\t\t<\/div>\n\t\t<\/section>\n\t\t\t\t<section class=\"elementor-section elementor-top-section elementor-element elementor-element-dcec514 elementor-section-content-middle elementor-section-height-min-height elementor-section-boxed elementor-section-height-default elementor-section-items-middle\" data-id=\"dcec514\" data-element_type=\"section\" data-e-type=\"section\" data-settings=\"{&quot;background_background&quot;:&quot;gradient&quot;}\">\n\t\t\t\t\t\t\t<div class=\"elementor-background-overlay\"><\/div>\n\t\t\t\t\t\t\t<div class=\"elementor-container elementor-column-gap-wider\">\n\t\t\t\t\t<div class=\"elementor-column elementor-col-100 elementor-top-column elementor-element elementor-element-a105468\" data-id=\"a105468\" data-element_type=\"column\" data-e-type=\"column\">\n\t\t\t<div class=\"elementor-widget-wrap elementor-element-populated\">\n\t\t\t\t\t<div class=\"elementor-background-overlay\"><\/div>\n\t\t\t\t\t\t<div class=\"elementor-element elementor-element-8197b1f elementor-widget elementor-widget-heading\" data-id=\"8197b1f\" data-element_type=\"widget\" data-e-type=\"widget\" data-widget_type=\"heading.default\">\n\t\t\t\t<div class=\"elementor-widget-container\">\n\t\t\t\t\t<h5 class=\"elementor-heading-title elementor-size-default\">LES MODALIT\u00c9S<\/h5>\t\t\t\t<\/div>\n\t\t\t\t<\/div>\n\t\t\t\t<div class=\"elementor-element elementor-element-adad5d1 elementor-widget elementor-widget-heading\" data-id=\"adad5d1\" data-element_type=\"widget\" data-e-type=\"widget\" data-widget_type=\"heading.default\">\n\t\t\t\t<div class=\"elementor-widget-container\">\n\t\t\t\t\t<h2 class=\"elementor-heading-title elementor-size-default\"><a href=\"https:\/\/kmcr.fr\/index.php\/inscriptions\/\" target=\"_blank\">LES MODALIT\u00c9S PRATIQUES<\/a><\/h2>\t\t\t\t<\/div>\n\t\t\t\t<\/div>\n\t\t\t\t<div class=\"elementor-element elementor-element-72b886b elementor-widget elementor-widget-text-editor\" data-id=\"72b886b\" data-element_type=\"widget\" data-e-type=\"widget\" data-widget_type=\"text-editor.default\">\n\t\t\t\t<div class=\"elementor-widget-container\">\n\t\t\t\t\t\t\t\t\t<p><span style=\"font-family: var(--global-body-font-family);\">Contactez-nous au pr\u00e9alable pour assister \u00e0 un cours.<br><\/span><span style=\"font-family: var(--global-body-font-family);\">Pr\u00e9voir d&rsquo;arriver 10 \u00e0 15&prime; avant le d\u00e9but du cours.<br><\/span><span style=\"font-family: var(--global-body-font-family);\">Les cours se feront en chaussures de sport propres, et pieds nus dans le dojo.&nbsp;<br><\/span><span style=\"font-family: var(--global-body-font-family);\">Pensez \u00e0 prendre des v\u00eatements de rechange pour la fin de cours, une serviette et une bouteille d&rsquo;eau.<br><\/span><span style=\"font-family: var(--global-body-font-family);\">Il n&rsquo;y a pas de possibilit\u00e9 de douches dans les salles.<\/span><\/p>\n<p><br><\/p>\t\t\t\t\t\t\t\t<\/div>\n\t\t\t\t<\/div>\n\t\t\t\t\t<\/div>\n\t\t<\/div>\n\t\t\t\t\t<\/div>\n\t\t<\/section>\n\t\t\t\t<section class=\"elementor-section elementor-top-section elementor-element elementor-element-77b7842 elementor-section-content-middle elementor-section-height-min-height elementor-section-boxed elementor-section-height-default elementor-section-items-middle\" data-id=\"77b7842\" data-element_type=\"section\" data-e-type=\"section\" data-settings=\"{&quot;background_background&quot;:&quot;classic&quot;}\">\n\t\t\t\t\t\t\t<div class=\"elementor-background-overlay\"><\/div>\n\t\t\t\t\t\t\t<div class=\"elementor-container elementor-column-gap-wider\">\n\t\t\t\t\t<div class=\"elementor-column elementor-col-100 elementor-top-column elementor-element elementor-element-d7417ea\" data-id=\"d7417ea\" data-element_type=\"column\" data-e-type=\"column\">\n\t\t\t<div class=\"elementor-widget-wrap elementor-element-populated\">\n\t\t\t\t\t<div class=\"elementor-background-overlay\"><\/div>\n\t\t\t\t\t\t<div class=\"elementor-element elementor-element-e441768 elementor-widget elementor-widget-heading\" data-id=\"e441768\" data-element_type=\"widget\" data-e-type=\"widget\" data-widget_type=\"heading.default\">\n\t\t\t\t<div class=\"elementor-widget-container\">\n\t\t\t\t\t<h5 class=\"elementor-heading-title elementor-size-default\">LES AUTRES COURS<\/h5>\t\t\t\t<\/div>\n\t\t\t\t<\/div>\n\t\t\t\t<div class=\"elementor-element elementor-element-fb4bbb9 elementor-widget elementor-widget-heading\" data-id=\"fb4bbb9\" data-element_type=\"widget\" data-e-type=\"widget\" data-widget_type=\"heading.default\">\n\t\t\t\t<div class=\"elementor-widget-container\">\n\t\t\t\t\t<h2 class=\"elementor-heading-title elementor-size-default\"><a href=\"https:\/\/kmcr.fr\/index.php\/inscriptions\/\" target=\"_blank\">COURS PARTICULIERS &amp; ENTREPRISE<\/a><\/h2>\t\t\t\t<\/div>\n\t\t\t\t<\/div>\n\t\t\t\t<div class=\"elementor-element elementor-element-9aab2b0 elementor-widget elementor-widget-text-editor\" data-id=\"9aab2b0\" data-element_type=\"widget\" data-e-type=\"widget\" data-widget_type=\"text-editor.default\">\n\t\t\t\t<div class=\"elementor-widget-container\">\n\t\t\t\t\t\t\t\t\t<p>LES COURS PARTICULIERS<br \/><span style=\"font-family: var(--global-body-font-family);\">Des cours particuliers sont propos\u00e9s par les professeurs de Krav Maga Rennes. Ils se d\u00e9roulent g\u00e9n\u00e9ralement en ext\u00e9rieur et durent une heure.\u00a0 En fonction de vos objectifs, nous vous proposons un contenu adapt\u00e9.<\/span><\/p><p>Tarif pour 1 personne : 60\u20ac de l&rsquo;heure<br \/>Tarif pour 1 bin\u00f4me : 100\u20ac de l&rsquo;heure<br \/><br \/>LES COURS EN ENTREPRISE<br \/><span style=\"font-family: var(--global-body-font-family);\">Des cours en entreprise sont possibles. Il suffit de nous contacter afin que nous puissions \u00e9tablir un devis.<\/span><\/p><p><span style=\"color: #000000;\">\u00a0<\/span><\/p>\t\t\t\t\t\t\t\t<\/div>\n\t\t\t\t<\/div>\n\t\t\t\t\t<\/div>\n\t\t<\/div>\n\t\t\t\t\t<\/div>\n\t\t<\/section>\n\t\t\t\t<\/div>\n\t\t","protected":false},"excerpt":{"rendered":"<p>L&rsquo;INSCRIPTION, le dossier d&rsquo;inscription, LES MODALIT\u00c9S, les AUTRES COURS S&rsquo;INSCRIRE AU CLUB LE COURS D&rsquo;ESSAI PUIS L&rsquo;INSCRIPTION Il est primordial d&rsquo;effectuer un cours d&rsquo;essai avant de vous inscrire : il est n\u00e9cessaire, en effet, de conna\u00eetre la structure d&rsquo;un cours, les professeurs, leur p\u00e9dagogie et le profil des adh\u00e9rents. Il faut \u00ab\u00a0sentir\u00a0\u00bb l&rsquo;ambiance du club.\u00a0&#8230;<\/p>\n","protected":false},"author":1,"featured_media":0,"parent":0,"menu_order":0,"comment_status":"closed","ping_status":"closed","template":"","meta":{"_monsterinsights_skip_tracking":false,"_monsterinsights_sitenote_active":false,"_monsterinsights_sitenote_note":"","_monsterinsights_sitenote_category":0,"_kad_post_transparent":"","_kad_post_title":"hide","_kad_post_layout":"fullwidth","_kad_post_sidebar_id":"","_kad_post_content_style":"unboxed","_kad_post_vertical_padding":"hide","_kad_post_feature":"hide","_kad_post_feature_position":"","_kad_post_header":false,"_kad_post_footer":false,"_kad_post_classname":"","footnotes":""},"class_list":["post-415","page","type-page","status-publish","hentry"],"_links":{"self":[{"href":"https:\/\/kmcr.fr\/index.php\/wp-json\/wp\/v2\/pages\/415","targetHints":{"allow":["GET"]}}],"collection":[{"href":"https:\/\/kmcr.fr\/index.php\/wp-json\/wp\/v2\/pages"}],"about":[{"href":"https:\/\/kmcr.fr\/index.php\/wp-json\/wp\/v2\/types\/page"}],"author":[{"embeddable":true,"href":"https:\/\/kmcr.fr\/index.php\/wp-json\/wp\/v2\/users\/1"}],"replies":[{"embeddable":true,"href":"https:\/\/kmcr.fr\/index.php\/wp-json\/wp\/v2\/comments?post=415"}],"version-history":[{"count":336,"href":"https:\/\/kmcr.fr\/index.php\/wp-json\/wp\/v2\/pages\/415\/revisions"}],"predecessor-version":[{"id":1846,"href":"https:\/\/kmcr.fr\/index.php\/wp-json\/wp\/v2\/pages\/415\/revisions\/1846"}],"wp:attachment":[{"href":"https:\/\/kmcr.fr\/index.php\/wp-json\/wp\/v2\/media?parent=415"}],"curies":[{"name":"wp","href":"https:\/\/api.w.org\/{rel}","templated":true}]}}