{"id":41,"date":"2023-05-11T12:24:34","date_gmt":"2023-05-11T10:24:34","guid":{"rendered":"https:\/\/kmcr.fr\/index.php\/our-story\/"},"modified":"2025-08-05T06:28:11","modified_gmt":"2025-08-05T04:28:11","slug":"nos-instructeurs","status":"publish","type":"page","link":"https:\/\/kmcr.fr\/index.php\/nos-instructeurs\/","title":{"rendered":"Nos instructeurs"},"content":{"rendered":"\t\t<div data-elementor-type=\"wp-page\" data-elementor-id=\"41\" class=\"elementor elementor-41\">\n\t\t\t\t\t\t<section class=\"elementor-section elementor-top-section elementor-element elementor-element-1bad28a1 elementor-section-full_width elementor-section-content-middle elementor-reverse-mobile elementor-section-height-min-height elementor-section-items-stretch elementor-section-height-default\" data-id=\"1bad28a1\" data-element_type=\"section\" data-e-type=\"section\">\n\t\t\t\t\t\t<div class=\"elementor-container elementor-column-gap-no\">\n\t\t\t\t\t<div class=\"elementor-column elementor-col-100 elementor-top-column elementor-element elementor-element-49189231\" data-id=\"49189231\" data-element_type=\"column\" data-e-type=\"column\" data-settings=\"{&quot;background_background&quot;:&quot;gradient&quot;}\">\n\t\t\t<div class=\"elementor-widget-wrap elementor-element-populated\">\n\t\t\t\t\t\t<div class=\"elementor-element elementor-element-d2b127a elementor-widget-mobile__width-initial elementor-widget elementor-widget-heading\" data-id=\"d2b127a\" data-element_type=\"widget\" data-e-type=\"widget\" data-widget_type=\"heading.default\">\n\t\t\t\t<div class=\"elementor-widget-container\">\n\t\t\t\t\t<h6 class=\"elementor-heading-title elementor-size-default\">Nos ceintures noires<\/h6>\t\t\t\t<\/div>\n\t\t\t\t<\/div>\n\t\t\t\t<section class=\"elementor-section elementor-inner-section elementor-element elementor-element-ae8c0e1 elementor-section-boxed elementor-section-height-default elementor-section-height-default\" data-id=\"ae8c0e1\" data-element_type=\"section\" data-e-type=\"section\">\n\t\t\t\t\t\t<div class=\"elementor-container elementor-column-gap-default\">\n\t\t\t\t\t<div class=\"elementor-column elementor-col-100 elementor-inner-column elementor-element elementor-element-9169546\" data-id=\"9169546\" data-element_type=\"column\" data-e-type=\"column\">\n\t\t\t<div class=\"elementor-widget-wrap elementor-element-populated\">\n\t\t\t\t\t\t<div class=\"elementor-element elementor-element-1ba6765 elementor-widget__width-inherit elementor-widget-tablet__width-initial elementor-invisible elementor-widget elementor-widget-text-editor\" data-id=\"1ba6765\" data-element_type=\"widget\" data-e-type=\"widget\" data-settings=\"{&quot;_animation&quot;:&quot;fadeIn&quot;,&quot;_animation_delay&quot;:400}\" data-widget_type=\"text-editor.default\">\n\t\t\t\t<div class=\"elementor-widget-container\">\n\t\t\t\t\t\t\t\t\t<p>Tous nos ceintures noires ont \u00e0 coeur de partager avec vous leurs savoirs et leurs connaissances de ce sport.\u00a0<\/p><p>Ils ont d\u00fb pratiquer un minimum de 6 ann\u00e9es afin d&rsquo;obtenir leur ceinture noire.<\/p><p>Ils connaissent le Krav Maga, comprennent son esprit et savent parfaitement expliquer toutes les techniques, gr\u00e2ce \u00e0 leur pratique r\u00e9guli\u00e8re et assidue sur plusieurs ann\u00e9es.\u00a0<\/p><p>Krav Maga Rennes c&rsquo;est une \u00e9quipe form\u00e9e au Krav Maga et seulement au Krav Maga. C&rsquo;est \u00e9galement une ambiance. Une centaine d&rsquo;adh\u00e9rents au maximum par saison nous permettent de conserver \u00e0 la fois notre qualit\u00e9 d&rsquo;enseignement et d&rsquo;\u00eatre vraiment attentif \u00e0 vos postures, pour que votre pratique soit la meilleure possible.\u00a0\u00a0<\/p><p>Notre \u00e9quipe se compose de Adrien, Fr\u00e9d\u00e9ric, Herv\u00e9, J\u00e9r\u00f4me, Lo\u00efc, Olivier, Romain et S\u00e9bastien.<\/p>\t\t\t\t\t\t\t\t<\/div>\n\t\t\t\t<\/div>\n\t\t\t\t\t<\/div>\n\t\t<\/div>\n\t\t\t\t\t<\/div>\n\t\t<\/section>\n\t\t\t\t<section class=\"elementor-section elementor-inner-section elementor-element elementor-element-82a2575 elementor-section-boxed elementor-section-height-default elementor-section-height-default\" data-id=\"82a2575\" data-element_type=\"section\" data-e-type=\"section\">\n\t\t\t\t\t\t<div class=\"elementor-container elementor-column-gap-default\">\n\t\t\t\t\t<div class=\"elementor-column elementor-col-25 elementor-inner-column elementor-element elementor-element-367df1e\" data-id=\"367df1e\" data-element_type=\"column\" data-e-type=\"column\">\n\t\t\t<div class=\"elementor-widget-wrap elementor-element-populated\">\n\t\t\t\t\t\t<div class=\"elementor-element elementor-element-a434502 elementor-invisible elementor-widget elementor-widget-image\" data-id=\"a434502\" data-element_type=\"widget\" data-e-type=\"widget\" data-settings=\"{&quot;_animation&quot;:&quot;zoomIn&quot;}\" data-widget_type=\"image.default\">\n\t\t\t\t<div class=\"elementor-widget-container\">\n\t\t\t\t\t\t\t\t\t\t\t\t<figure class=\"wp-caption\">\n\t\t\t\t\t\t\t\t\t\t<img fetchpriority=\"high\" decoding=\"async\" width=\"395\" height=\"466\" src=\"https:\/\/kmcr.fr\/wp-content\/uploads\/2023\/05\/kravmagarennes-sans-logo.jpg\" class=\"attachment-large size-large wp-image-15\" alt=\"J\u00e9r\u00f4me instructeur Krav Maga accomplit une prise sp\u00e9cifique\" srcset=\"https:\/\/kmcr.fr\/wp-content\/uploads\/2023\/05\/kravmagarennes-sans-logo.jpg 395w, https:\/\/kmcr.fr\/wp-content\/uploads\/2023\/05\/kravmagarennes-sans-logo-254x300.jpg 254w\" sizes=\"(max-width: 395px) 100vw, 395px\" \/>\t\t\t\t\t\t\t\t\t\t\t<figcaption class=\"widget-image-caption wp-caption-text\">J\u00e9r\u00f4me | Responsable technique | Ceinture noire | Moniteur FEKM | 22 ans de pratique<\/figcaption>\n\t\t\t\t\t\t\t\t\t\t<\/figure>\n\t\t\t\t\t\t\t\t\t<\/div>\n\t\t\t\t<\/div>\n\t\t\t\t\t<\/div>\n\t\t<\/div>\n\t\t\t\t<div class=\"elementor-column elementor-col-25 elementor-inner-column elementor-element elementor-element-0165c92\" data-id=\"0165c92\" data-element_type=\"column\" data-e-type=\"column\">\n\t\t\t<div class=\"elementor-widget-wrap elementor-element-populated\">\n\t\t\t\t\t\t<div class=\"elementor-element elementor-element-8e0fd45 elementor-invisible elementor-widget elementor-widget-image\" data-id=\"8e0fd45\" data-element_type=\"widget\" data-e-type=\"widget\" data-settings=\"{&quot;_animation&quot;:&quot;zoomIn&quot;}\" data-widget_type=\"image.default\">\n\t\t\t\t<div class=\"elementor-widget-container\">\n\t\t\t\t\t\t\t\t\t\t\t\t<figure class=\"wp-caption\">\n\t\t\t\t\t\t\t\t\t\t<img decoding=\"async\" width=\"679\" height=\"1024\" src=\"https:\/\/kmcr.fr\/wp-content\/uploads\/2023\/05\/1685378168315-679x1024.jpg\" class=\"attachment-large size-large wp-image-942\" alt=\"Nos instructeurs : Fr\u00e9d\u00e9ric - Instructeur FEKM - Ceinture noire - 10 ans de pratique\" srcset=\"https:\/\/kmcr.fr\/wp-content\/uploads\/2023\/05\/1685378168315-679x1024.jpg 679w, https:\/\/kmcr.fr\/wp-content\/uploads\/2023\/05\/1685378168315-199x300.jpg 199w, https:\/\/kmcr.fr\/wp-content\/uploads\/2023\/05\/1685378168315-768x1158.jpg 768w, https:\/\/kmcr.fr\/wp-content\/uploads\/2023\/05\/1685378168315-1018x1536.jpg 1018w, https:\/\/kmcr.fr\/wp-content\/uploads\/2023\/05\/1685378168315-1358x2048.jpg 1358w, https:\/\/kmcr.fr\/wp-content\/uploads\/2023\/05\/1685378168315.jpg 1513w\" sizes=\"(max-width: 679px) 100vw, 679px\" \/>\t\t\t\t\t\t\t\t\t\t\t<figcaption class=\"widget-image-caption wp-caption-text\">Fr\u00e9d\u00e9ric | Ceinture noire | Moniteur FEKM 12 ans de pratique <\/figcaption>\n\t\t\t\t\t\t\t\t\t\t<\/figure>\n\t\t\t\t\t\t\t\t\t<\/div>\n\t\t\t\t<\/div>\n\t\t\t\t\t<\/div>\n\t\t<\/div>\n\t\t\t\t<div class=\"elementor-column elementor-col-25 elementor-inner-column elementor-element elementor-element-7fa8a7e\" data-id=\"7fa8a7e\" data-element_type=\"column\" data-e-type=\"column\">\n\t\t\t<div class=\"elementor-widget-wrap elementor-element-populated\">\n\t\t\t\t\t\t<div class=\"elementor-element elementor-element-27fe23a elementor-invisible elementor-widget elementor-widget-image\" data-id=\"27fe23a\" data-element_type=\"widget\" data-e-type=\"widget\" data-settings=\"{&quot;_animation&quot;:&quot;zoomIn&quot;}\" data-widget_type=\"image.default\">\n\t\t\t\t<div class=\"elementor-widget-container\">\n\t\t\t\t\t\t\t\t\t\t\t\t<figure class=\"wp-caption\">\n\t\t\t\t\t\t\t\t\t\t<img decoding=\"async\" width=\"904\" height=\"800\" src=\"https:\/\/kmcr.fr\/wp-content\/uploads\/2023\/05\/adrien.jpg\" class=\"attachment-large size-large wp-image-378\" alt=\"Nos instructeurs : Adrien - Instructeur FEKM - ceinture noire - 10 ans de pratique - Ceinture violette de JJB\" srcset=\"https:\/\/kmcr.fr\/wp-content\/uploads\/2023\/05\/adrien.jpg 904w, https:\/\/kmcr.fr\/wp-content\/uploads\/2023\/05\/adrien-300x265.jpg 300w, https:\/\/kmcr.fr\/wp-content\/uploads\/2023\/05\/adrien-768x680.jpg 768w\" sizes=\"(max-width: 904px) 100vw, 904px\" \/>\t\t\t\t\t\t\t\t\t\t\t<figcaption class=\"widget-image-caption wp-caption-text\">Adrien | Ceinture noire | Moniteur FEKM |12 ans de pratique |Ceinture violette de JJB<\/figcaption>\n\t\t\t\t\t\t\t\t\t\t<\/figure>\n\t\t\t\t\t\t\t\t\t<\/div>\n\t\t\t\t<\/div>\n\t\t\t\t\t<\/div>\n\t\t<\/div>\n\t\t\t\t<div class=\"elementor-column elementor-col-25 elementor-inner-column elementor-element elementor-element-4ec4a22\" data-id=\"4ec4a22\" data-element_type=\"column\" data-e-type=\"column\">\n\t\t\t<div class=\"elementor-widget-wrap elementor-element-populated\">\n\t\t\t\t\t\t<div class=\"elementor-element elementor-element-6945400 elementor-invisible elementor-widget elementor-widget-image\" data-id=\"6945400\" data-element_type=\"widget\" data-e-type=\"widget\" data-settings=\"{&quot;_animation&quot;:&quot;zoomIn&quot;}\" data-widget_type=\"image.default\">\n\t\t\t\t<div class=\"elementor-widget-container\">\n\t\t\t\t\t\t\t\t\t\t\t\t<figure class=\"wp-caption\">\n\t\t\t\t\t\t\t\t\t\t<img loading=\"lazy\" decoding=\"async\" width=\"600\" height=\"800\" src=\"https:\/\/kmcr.fr\/wp-content\/uploads\/2023\/05\/Loic-1-2-1.jpg\" class=\"attachment-large size-large wp-image-385\" alt=\"Nos instructeurs : Loic - Instructeur Krav Maga - Ceinture noire - 10 ans de pratique et 9 ans de kick boxing\" srcset=\"https:\/\/kmcr.fr\/wp-content\/uploads\/2023\/05\/Loic-1-2-1.jpg 600w, https:\/\/kmcr.fr\/wp-content\/uploads\/2023\/05\/Loic-1-2-1-225x300.jpg 225w\" sizes=\"(max-width: 600px) 100vw, 600px\" \/>\t\t\t\t\t\t\t\t\t\t\t<figcaption class=\"widget-image-caption wp-caption-text\">Lo\u00efc | Ceinture noire | Krav Maga | 12 ans de pratique | 9 ans Kick boxing | Ceinture Bleue de JJB<\/figcaption>\n\t\t\t\t\t\t\t\t\t\t<\/figure>\n\t\t\t\t\t\t\t\t\t<\/div>\n\t\t\t\t<\/div>\n\t\t\t\t\t<\/div>\n\t\t<\/div>\n\t\t\t\t\t<\/div>\n\t\t<\/section>\n\t\t\t\t<section class=\"elementor-section elementor-inner-section elementor-element elementor-element-ea1163e elementor-reverse-tablet elementor-reverse-mobile elementor-section-boxed elementor-section-height-default elementor-section-height-default\" data-id=\"ea1163e\" data-element_type=\"section\" data-e-type=\"section\">\n\t\t\t\t\t\t<div class=\"elementor-container elementor-column-gap-default\">\n\t\t\t\t\t<div class=\"elementor-column elementor-col-25 elementor-inner-column elementor-element elementor-element-69b6ba7\" data-id=\"69b6ba7\" data-element_type=\"column\" data-e-type=\"column\">\n\t\t\t<div class=\"elementor-widget-wrap elementor-element-populated\">\n\t\t\t\t\t\t<div class=\"elementor-element elementor-element-1b3e6d8 elementor-invisible elementor-widget elementor-widget-image\" data-id=\"1b3e6d8\" data-element_type=\"widget\" data-e-type=\"widget\" data-settings=\"{&quot;_animation&quot;:&quot;zoomIn&quot;}\" data-widget_type=\"image.default\">\n\t\t\t\t<div class=\"elementor-widget-container\">\n\t\t\t\t\t\t\t\t\t\t\t\t<figure class=\"wp-caption\">\n\t\t\t\t\t\t\t\t\t\t<img loading=\"lazy\" decoding=\"async\" width=\"768\" height=\"1024\" src=\"https:\/\/kmcr.fr\/wp-content\/uploads\/2023\/06\/Olivier-768x1024.jpg\" class=\"attachment-large size-large wp-image-1129\" alt=\"Nos instructeurs : Olivier - Instructeur FEKM - ceinture noire - 11 ans de pratique\" srcset=\"https:\/\/kmcr.fr\/wp-content\/uploads\/2023\/06\/Olivier-768x1024.jpg 768w, https:\/\/kmcr.fr\/wp-content\/uploads\/2023\/06\/Olivier-225x300.jpg 225w, https:\/\/kmcr.fr\/wp-content\/uploads\/2023\/06\/Olivier-1152x1536.jpg 1152w, https:\/\/kmcr.fr\/wp-content\/uploads\/2023\/06\/Olivier.jpg 1440w\" sizes=\"(max-width: 768px) 100vw, 768px\" \/>\t\t\t\t\t\t\t\t\t\t\t<figcaption class=\"widget-image-caption wp-caption-text\">Olivier | Ceinture noire | Moniteur FEKM 13 ans de pratique<\/figcaption>\n\t\t\t\t\t\t\t\t\t\t<\/figure>\n\t\t\t\t\t\t\t\t\t<\/div>\n\t\t\t\t<\/div>\n\t\t\t\t\t<\/div>\n\t\t<\/div>\n\t\t\t\t<div class=\"elementor-column elementor-col-25 elementor-inner-column elementor-element elementor-element-c8a9c77\" data-id=\"c8a9c77\" data-element_type=\"column\" data-e-type=\"column\">\n\t\t\t<div class=\"elementor-widget-wrap elementor-element-populated\">\n\t\t\t\t\t\t<div class=\"elementor-element elementor-element-f266a44 elementor-invisible elementor-widget elementor-widget-image\" data-id=\"f266a44\" data-element_type=\"widget\" data-e-type=\"widget\" data-settings=\"{&quot;_animation&quot;:&quot;zoomIn&quot;}\" data-widget_type=\"image.default\">\n\t\t\t\t<div class=\"elementor-widget-container\">\n\t\t\t\t\t\t\t\t\t\t\t\t<figure class=\"wp-caption\">\n\t\t\t\t\t\t\t\t\t\t<img loading=\"lazy\" decoding=\"async\" width=\"1024\" height=\"924\" src=\"https:\/\/kmcr.fr\/wp-content\/uploads\/2023\/06\/Romain-1024x924.jpg\" class=\"attachment-large size-large wp-image-1124\" alt=\"Romain - Instructeur FEKM et IKMF - Ceinture noire - 8 ans de pratique\" srcset=\"https:\/\/kmcr.fr\/wp-content\/uploads\/2023\/06\/Romain-1024x924.jpg 1024w, https:\/\/kmcr.fr\/wp-content\/uploads\/2023\/06\/Romain-300x271.jpg 300w, https:\/\/kmcr.fr\/wp-content\/uploads\/2023\/06\/Romain-768x693.jpg 768w, https:\/\/kmcr.fr\/wp-content\/uploads\/2023\/06\/Romain-1536x1386.jpg 1536w, https:\/\/kmcr.fr\/wp-content\/uploads\/2023\/06\/Romain.jpg 1656w\" sizes=\"(max-width: 1024px) 100vw, 1024px\" \/>\t\t\t\t\t\t\t\t\t\t\t<figcaption class=\"widget-image-caption wp-caption-text\">Romain | Ceinture noire | 11 ans de pratique FEKM + pratique IKMF<\/figcaption>\n\t\t\t\t\t\t\t\t\t\t<\/figure>\n\t\t\t\t\t\t\t\t\t<\/div>\n\t\t\t\t<\/div>\n\t\t\t\t\t<\/div>\n\t\t<\/div>\n\t\t\t\t<div class=\"elementor-column elementor-col-25 elementor-inner-column elementor-element elementor-element-6baaeee\" data-id=\"6baaeee\" data-element_type=\"column\" data-e-type=\"column\">\n\t\t\t<div class=\"elementor-widget-wrap elementor-element-populated\">\n\t\t\t\t\t\t<div class=\"elementor-element elementor-element-1358a91 elementor-invisible elementor-widget elementor-widget-image\" data-id=\"1358a91\" data-element_type=\"widget\" data-e-type=\"widget\" data-settings=\"{&quot;_animation&quot;:&quot;zoomIn&quot;}\" data-widget_type=\"image.default\">\n\t\t\t\t<div class=\"elementor-widget-container\">\n\t\t\t\t\t\t\t\t\t\t\t\t<figure class=\"wp-caption\">\n\t\t\t\t\t\t\t\t\t\t<img loading=\"lazy\" decoding=\"async\" width=\"543\" height=\"1009\" src=\"https:\/\/kmcr.fr\/wp-content\/uploads\/2025\/08\/024bb72e-2e5a-4a0d-8ab8-0b54647d03ef-1.jpg\" class=\"attachment-large size-large wp-image-1736\" alt=\"\" srcset=\"https:\/\/kmcr.fr\/wp-content\/uploads\/2025\/08\/024bb72e-2e5a-4a0d-8ab8-0b54647d03ef-1.jpg 543w, https:\/\/kmcr.fr\/wp-content\/uploads\/2025\/08\/024bb72e-2e5a-4a0d-8ab8-0b54647d03ef-1-161x300.jpg 161w\" sizes=\"(max-width: 543px) 100vw, 543px\" \/>\t\t\t\t\t\t\t\t\t\t\t<figcaption class=\"widget-image-caption wp-caption-text\">Herv\u00e9 | Ceinture noire | 11 ans de pratique.<\/figcaption>\n\t\t\t\t\t\t\t\t\t\t<\/figure>\n\t\t\t\t\t\t\t\t\t<\/div>\n\t\t\t\t<\/div>\n\t\t\t\t\t<\/div>\n\t\t<\/div>\n\t\t\t\t<div class=\"elementor-column elementor-col-25 elementor-inner-column elementor-element elementor-element-9eb0ff4\" data-id=\"9eb0ff4\" data-element_type=\"column\" data-e-type=\"column\">\n\t\t\t<div class=\"elementor-widget-wrap elementor-element-populated\">\n\t\t\t\t\t\t<div class=\"elementor-element elementor-element-ffc1052 elementor-invisible elementor-widget elementor-widget-image\" data-id=\"ffc1052\" data-element_type=\"widget\" data-e-type=\"widget\" data-settings=\"{&quot;_animation&quot;:&quot;zoomIn&quot;}\" data-widget_type=\"image.default\">\n\t\t\t\t<div class=\"elementor-widget-container\">\n\t\t\t\t\t\t\t\t\t\t\t\t<figure class=\"wp-caption\">\n\t\t\t\t\t\t\t\t\t\t<img loading=\"lazy\" decoding=\"async\" width=\"512\" height=\"512\" src=\"https:\/\/kmcr.fr\/wp-content\/uploads\/2023\/05\/cropped-logo1.png\" class=\"attachment-large size-large wp-image-8\" alt=\"\" srcset=\"https:\/\/kmcr.fr\/wp-content\/uploads\/2023\/05\/cropped-logo1.png 512w, https:\/\/kmcr.fr\/wp-content\/uploads\/2023\/05\/cropped-logo1-300x300.png 300w, https:\/\/kmcr.fr\/wp-content\/uploads\/2023\/05\/cropped-logo1-150x150.png 150w, https:\/\/kmcr.fr\/wp-content\/uploads\/2023\/05\/cropped-logo1-270x270.png 270w, https:\/\/kmcr.fr\/wp-content\/uploads\/2023\/05\/cropped-logo1-192x192.png 192w, https:\/\/kmcr.fr\/wp-content\/uploads\/2023\/05\/cropped-logo1-180x180.png 180w, https:\/\/kmcr.fr\/wp-content\/uploads\/2023\/05\/cropped-logo1-32x32.png 32w\" sizes=\"(max-width: 512px) 100vw, 512px\" \/>\t\t\t\t\t\t\t\t\t\t\t<figcaption class=\"widget-image-caption wp-caption-text\">S\u00e9bastien | Ceinture noire | 8 ans de pratique<\/figcaption>\n\t\t\t\t\t\t\t\t\t\t<\/figure>\n\t\t\t\t\t\t\t\t\t<\/div>\n\t\t\t\t<\/div>\n\t\t\t\t\t<\/div>\n\t\t<\/div>\n\t\t\t\t\t<\/div>\n\t\t<\/section>\n\t\t\t\t\t<\/div>\n\t\t<\/div>\n\t\t\t\t\t<\/div>\n\t\t<\/section>\n\t\t\t\t<\/div>\n\t\t","protected":false},"excerpt":{"rendered":"<p>Nos ceintures noires Tous nos ceintures noires ont \u00e0 coeur de partager avec vous leurs savoirs et leurs connaissances de ce sport.\u00a0 Ils ont d\u00fb pratiquer un minimum de 6 ann\u00e9es afin d&rsquo;obtenir leur ceinture noire. Ils connaissent le Krav Maga, comprennent son esprit et savent parfaitement expliquer toutes les techniques, gr\u00e2ce \u00e0 leur pratique&#8230;<\/p>\n","protected":false},"author":1,"featured_media":0,"parent":0,"menu_order":0,"comment_status":"closed","ping_status":"closed","template":"elementor_header_footer","meta":{"_monsterinsights_skip_tracking":false,"_monsterinsights_sitenote_active":false,"_monsterinsights_sitenote_note":"","_monsterinsights_sitenote_category":0,"_kad_post_transparent":"","_kad_post_title":"","_kad_post_layout":"","_kad_post_sidebar_id":"","_kad_post_content_style":"","_kad_post_vertical_padding":"","_kad_post_feature":"","_kad_post_feature_position":"","_kad_post_header":false,"_kad_post_footer":false,"_kad_post_classname":"","footnotes":""},"class_list":["post-41","page","type-page","status-publish","hentry"],"_links":{"self":[{"href":"https:\/\/kmcr.fr\/index.php\/wp-json\/wp\/v2\/pages\/41","targetHints":{"allow":["GET"]}}],"collection":[{"href":"https:\/\/kmcr.fr\/index.php\/wp-json\/wp\/v2\/pages"}],"about":[{"href":"https:\/\/kmcr.fr\/index.php\/wp-json\/wp\/v2\/types\/page"}],"author":[{"embeddable":true,"href":"https:\/\/kmcr.fr\/index.php\/wp-json\/wp\/v2\/users\/1"}],"replies":[{"embeddable":true,"href":"https:\/\/kmcr.fr\/index.php\/wp-json\/wp\/v2\/comments?post=41"}],"version-history":[{"count":202,"href":"https:\/\/kmcr.fr\/index.php\/wp-json\/wp\/v2\/pages\/41\/revisions"}],"predecessor-version":[{"id":1766,"href":"https:\/\/kmcr.fr\/index.php\/wp-json\/wp\/v2\/pages\/41\/revisions\/1766"}],"wp:attachment":[{"href":"https:\/\/kmcr.fr\/index.php\/wp-json\/wp\/v2\/media?parent=41"}],"curies":[{"name":"wp","href":"https:\/\/api.w.org\/{rel}","templated":true}]}}