{"id":3,"date":"2023-05-11T11:38:11","date_gmt":"2023-05-11T09:38:11","guid":{"rendered":"http:\/\/kmcr.fr\/?page_id=3"},"modified":"2023-06-07T11:31:08","modified_gmt":"2023-06-07T09:31:08","slug":"mentions-legales","status":"publish","type":"page","link":"https:\/\/kmcr.fr\/index.php\/mentions-legales\/","title":{"rendered":"Mentions l\u00e9gales"},"content":{"rendered":"\t\t<div data-elementor-type=\"wp-page\" data-elementor-id=\"3\" class=\"elementor elementor-3\">\n\t\t\t\t\t\t<section class=\"elementor-section elementor-top-section elementor-element elementor-element-3b8658d7 elementor-section-boxed elementor-section-height-default elementor-section-height-default\" data-id=\"3b8658d7\" data-element_type=\"section\" data-e-type=\"section\">\n\t\t\t\t\t\t<div class=\"elementor-container elementor-column-gap-default\">\n\t\t\t\t\t<div class=\"elementor-column elementor-col-100 elementor-top-column elementor-element elementor-element-3cee2251\" data-id=\"3cee2251\" data-element_type=\"column\" data-e-type=\"column\">\n\t\t\t<div class=\"elementor-widget-wrap elementor-element-populated\">\n\t\t\t\t\t\t<div class=\"elementor-element elementor-element-e828407 elementor-widget elementor-widget-text-editor\" data-id=\"e828407\" data-element_type=\"widget\" data-e-type=\"widget\" data-widget_type=\"text-editor.default\">\n\t\t\t\t<div class=\"elementor-widget-container\">\n\t\t\t\t\t\t\t\t\t<p><\/p>\n<h1 class=\"wp-block-heading\">Mention l\u00e9gales<\/h1>\n<p><\/p>\n<p><strong>MENTIONS L\u00c9GALES.<\/strong><\/p>\n<p><\/p>\n<p>En vertu de l\u2019article 6 de la loi n\u00b0 2004-575 du 21 juin 2004 pour la confiance dans l\u2019\u00e9conomie num\u00e9rique, il est pr\u00e9cis\u00e9 aux utilisateurs du site internet&nbsp;<a href=\"https:\/\/kmcr.fr\">https:\/\/kmcr.fr<\/a>&nbsp;l\u2019identit\u00e9 des diff\u00e9rents intervenants dans le cadre de sa r\u00e9alisation et de son suivi :<\/p>\n<p><\/p>\n<p><strong>Propri\u00e9taire<\/strong> : Krav Maga Rennes (ci-apr\u00e8s KMCR) est une association r\u00e9gie par la Loi 1901 d\u00e9clar\u00e9e sous le num\u00e9ro W353010206 en date du 30\/06\/2011 en Pr\u00e9fecture d&rsquo;Ille et Vilaine. L&rsquo;adresse du si\u00e8ge est le 6, rue Baudri de Bourgueil, 35200 Rennes, t\u00e9l\u00e9phone 06 12 60 48 36.<\/p>\n<p><strong>Responsable de publication<\/strong>&nbsp;: J\u00e9r\u00f4me Nessi \u2013&nbsp;contact@kravmaga.fr<\/p>\n<p><\/p>\n<p><strong>Webmaster<\/strong> :&nbsp; ComOptimum \u2013 contact@comoptimum.fr<\/p>\n<p><\/p>\n<p><strong>H\u00e9bergeur<\/strong>&nbsp;: Hostinger&nbsp;International Ltd.,&nbsp;61&nbsp;Lordou&nbsp;Vironos&nbsp;str., 6023&nbsp;Larnaca, Chypre&nbsp;<a href=\"mailto:compliance@hostinger.com\">compliance@hostinger.com<\/a><\/p>\n<p><\/p>\n<h2><span style=\"color: var(--global-palette4); font-family: var(--global-body-font-family); font-size: 17px; font-weight: 400;\">L\u2019utilisateur du site internet&nbsp;<\/span><a style=\"font-family: var(--global-body-font-family); font-size: 17px; font-weight: 400;\" href=\"http:\/\/www.kmcr.fr\/\" target=\"_blank\" rel=\"noreferrer noopener\">http:\/\/www.kmcr.fr\/<\/a><span style=\"color: var(--global-palette4); font-family: var(--global-body-font-family); font-size: 17px; font-weight: 400;\">&nbsp;reconna\u00eet disposer de la comp\u00e9tence et des moyens n\u00e9cessaires pour acc\u00e9der et utiliser ce site internet. Les utilisateurs de ce site web sont tenus de respecter les dispositions de la loi relative \u00e0 l\u2019informatique, aux fichiers et aux libert\u00e9s, dont la violation est passible de sanctions p\u00e9nales. Ils doivent notamment s\u2019abstenir, s\u2019agissant d\u2019informations nominatives auxquelles ils acc\u00e8dent, de toute collecte, de toute utilisation d\u00e9tourn\u00e9e et d\u2019une mani\u00e8re g\u00e9n\u00e9rale, de tout acte susceptible de porter atteinte \u00e0 la vie priv\u00e9e ou \u00e0 la r\u00e9putation des personnes.<\/span><\/h2>\n<p><\/p>\n<h2><strong>CONTENU DU SITE<\/strong><\/h2>\n<p>KMCR met \u00e0 disposition des utilisateurs du site web <a href=\"http:\/\/www.kmcr.fr\/\" target=\"_blank\" rel=\"noreferrer noopener\">https:\/\/www.kmcr.fr\/<\/a>&nbsp;des informations et outils disponibles et v\u00e9rifi\u00e9s, mais elle ne saurait \u00eatre tenue pour responsable des erreurs ou de l\u2019indisponibilit\u00e9 de certaines informations. Nous remercions les utilisateurs du site de nous faire part d\u2019\u00e9ventuelles omissions, erreurs ou corrections, en adressant un mail au webmaster du site \u00e0 l\u2019adresse contact@comoptimum.fr.<\/p>\n<p><\/p>\n<h2><strong>PROPRI\u00c9T\u00c9<\/strong><\/h2>\n<p>La structure g\u00e9n\u00e9rale, ainsi que les logiciels, textes, images anim\u00e9es ou fixes, sons, savoir-faire, dessins, graphismes et tous autres \u00e9l\u00e9ments composant ce site web&nbsp;<a href=\"http:\/\/www.kmcr.fr\/\" target=\"_blank\" rel=\"noreferrer noopener\">https:\/\/www.kmcr.fr\/<\/a>&nbsp;sont de l\u2019utilisation exclusive de KMCR. Toute repr\u00e9sentation totale ou partielle de ce site, par quelques proc\u00e9d\u00e9s que ce soient, sans autorisation expresse de la KMCR, est interdite et constituerait une contrefa\u00e7on sanctionn\u00e9e par les articles L335-2 et suivants du Code de la propri\u00e9t\u00e9 intellectuelle. Les liens hypertextes mis en place dans le cadre du pr\u00e9sent site web en direction d\u2019autres ressources pr\u00e9sentes sur le r\u00e9seau internet, ne sauraient engager la responsabilit\u00e9 de KMCR. Les utilisateurs et visiteurs du site web ne peuvent mettre en place un hyperlien en direction de ce site sans l\u2019autorisation expresse et pr\u00e9alable de KMCR. Pour cela merci d\u2019adresser un mail \u00e0 contact@kmcr.fr<\/p>\n<h2><strong>DONN\u00c9ES PERSONNELLES \u2013 POLITIQUE DE CONFIDENTIALIT\u00c9<br><\/strong><\/h2>\n<ol>\n<li>QUELLES INFORMATIONS COLLECTONS-NOUS ?<\/li>\n<\/ol>\n<p>Nous collectons les informations que vous nous donnez lorsque vous nous contactez par t\u00e9l\u00e9phone ou par e-mail.<\/p>\n<p>KMCR est susceptible, selon les services propos\u00e9s, de collecter les donn\u00e9es \u00e0 caract\u00e8re personnel suivantes :<\/p>\n<ul>\n<li>Identit\u00e9 : nom, pr\u00e9nom, date et lieu de naissance, sexe, photo ;<\/li>\n<li>Coordonn\u00e9es&nbsp;: adresse postale, num\u00e9ro de t\u00e9l\u00e9phone fixe et\/ou mobile, e-mail&nbsp;;<\/li>\n<li>Donn\u00e9es sportives&nbsp;: club Krav-Maga d\u2019appartenance, ceinture en Krav-Maga, date d\u2019inscription, certificat m\u00e9dical, num\u00e9ro de licence attribu\u00e9 automatiquement, fonction (pratiquant \/ enseignant \/ dirigeant), dipl\u00f4me d\u2019enseignement, poids ;<\/li>\n<li>Documents et justificatifs n\u00e9cessaires \u00e0 la gestion de vos activit\u00e9s conform\u00e9ment \u00e0 la r\u00e9glementation en vigueur&nbsp;;<\/li>\n<li>Montant r\u00e9gl\u00e9 et information de paiement&nbsp;(uniquement pendant la dur\u00e9e de la transaction)&nbsp;;<\/li>\n<li>Les informations que nous collectons \u00e0 l\u2019aide de cookies et d\u2019autres technologies de tra\u00e7age, telles que des informations sur l\u2019appareil que vous utilisez, votre adresse IP, vos donn\u00e9es d\u2019utilisation et de localisation.<\/li>\n<\/ul>\n<ol start=\"2\">\n<li>QUE FAISONS-NOUS DE VOS INFORMATIONS ?<\/li>\n<\/ol>\n<p>Nous utilisons les informations que vous nous donnez afin de fournir un service et une assistance et r\u00e9pondre \u00e0 vos demandes et vos interrogations.<\/p>\n<p>Nous utilisons les informations que nous collectons pour administrer notre site et am\u00e9liorer votre exp\u00e9rience de navigation.<\/p>\n<p>Conform\u00e9ment \u00e0 la loi, nous conserverons vos informations personnelles uniquement pour la p\u00e9riode n\u00e9cessaire \u00e0 l\u2019accomplissement de l\u2019objectif pour lequel elles ont \u00e9t\u00e9 fournies. La dur\u00e9e de conservation est variable et d\u00e9pend de la nature des donn\u00e9es et des finalit\u00e9s poursuivies. Certaines donn\u00e9es \u00e0 caract\u00e8re personnel (comme les informations concernant les ceintures, les r\u00e9sultats sportifs, les distinctions et les dipl\u00f4mes)&nbsp;peuvent faire l\u2019objet d\u2019un archivage (avec un acc\u00e8s restreint) lorsqu\u2019elles pr\u00e9sentent encore un int\u00e9r\u00eat.&nbsp;<span style=\"color: var(--global-palette4); font-family: var(--global-body-font-family);\">Nous effectuons un examen p\u00e9riodique sur ces donn\u00e9es afin de nous assurer qu\u2019il est toujours n\u00e9cessaire que nous les conservions.<\/span><\/p>\n<p>Vos informations personnelles ne font l\u2019objet d\u2019aucun partage \u00e0 des organismes tiers ni transfert \u00e0 l\u2019\u00e9tranger.<\/p>\n<ol start=\"3\">\n<li>VOS DROITS<\/li>\n<\/ol>\n<p>En tant qu\u2019utilisateur de notre site, vous avez le droit de demander des d\u00e9tails sur les informations personnelles que nous d\u00e9tenons \u00e0 votre sujet ainsi que la raison de leur traitement. Vous \u00eates en droit de vous opposer \u00e0 ce traitement si vous le souhaitez, mais n\u2019oubliez pas que si vous vous y opposez, cela peut affecter notre capacit\u00e9 \u00e0 effectuer les t\u00e2ches ci-dessus dans votre int\u00e9r\u00eat. De plus, vous avez le droit d\u2019exiger la correction de donn\u00e9es erron\u00e9es et la suppression de celles qui sont inappropri\u00e9es ou ne sont plus n\u00e9cessaires.<\/p>\n<p>Si vous cherchez \u00e0 exercer l\u2019un ou l\u2019autre de vos droits statutaires, veuillez nous faire parvenir votre demande \u00e0 contact@kmcr.fr&nbsp;Votre demande sera \u00e9tudi\u00e9e par notre Responsable de la protection des donn\u00e9es. Une r\u00e9ponse \u00e0 votre demande vous sera faite par \u00e9crit dans un d\u00e9lai raisonnable (un mois en principe, mais il se peut que nous vous notifions avoir besoin de plus de temps pour traiter votre demande). Nous attendons de nos proc\u00e9dures qu\u2019elles traitent vos demandes de mani\u00e8re juste et rapide.<\/p>\n<ol start=\"4\">\n<li>NOUS CONTACTER<\/li>\n<\/ol>\n<p>Pour nous contacter, vous pouvez utiliser notre courrier \u00e9lectronique \u00e0 l\u2019adresse contact@kmcr.fr ou nous joindre au 06 12 60 48 36.<\/p>\n<p>Si vous ne souhaitez plus recevoir d\u2019informations de notre part, il vous suffit de nous en informer. Gardez en t\u00eate que nous sommes susceptibles de continuer \u00e0 vous envoyer des informations relatives \u00e0 tout compte que vous avez encore avec nous (par exemple, une demande que vous auriez faite par e-mail). Si vous souhaitez exercer l\u2019un de vos droits statutaires ou si vous avez des commentaires, des questions ou des plaintes au sujet de la collecte ou de l\u2019utilisation de vos informations personnelles, veuillez adresser votre demande \u00e0 contact@kmcr.fr.<\/p>\n<ol start=\"5\">\n<li>DROIT APPLICABLE \u00c0 LA PROTECTION DES DONN\u00c9ES<\/li>\n<\/ol>\n<p>Toute information personnelle que vous serez amen\u00e9 \u00e0 transmettre au club KMCR est soumise aux dispositions de la Loi n\u00b0 78-17 Informatique et Libert\u00e9s du 06 janvier 1978, modifi\u00e9e par la loi du 06 ao\u00fbt 2004 et la R\u00e9glementation G\u00e9n\u00e9rale sur la Protection des Donn\u00e9es, notamment le r\u00e8glement 2016\/679UE.<\/p>\n<ol start=\"6\">\n<li>MODIFICATIONS DE NOTRE POLITIQUE DE CONFIDENTIALIT\u00c9<\/li>\n<\/ol>\n<p>Notre politique de confidentialit\u00e9 fait l\u2019objet d\u2019un examen r\u00e9gulier. Cette politique de confidentialit\u00e9 a \u00e9t\u00e9 mise \u00e0 jour pour la derni\u00e8re fois le 7\/06\/2023.<\/p>\n<p>Le traitement automatis\u00e9 des donn\u00e9es nominatives r\u00e9alis\u00e9 \u00e0 partir du portail Internet a fait l\u2019objet d\u2019une d\u00e9claration aupr\u00e8s de la Commission Nationale de l\u2019Informatique et des Libert\u00e9s (CNIL \u2013&nbsp;<a href=\"http:\/\/www.cnil.fr\/\" target=\"_blank\" rel=\"noreferrer noopener\">www.cnil.fr<\/a>).<\/p>\n<h2><strong>COOKIES<\/strong><\/h2>\n<p>Ce site utilise des cookies qui sont des fichiers stock\u00e9s sur votre ordinateur permettant une facilit\u00e9 d\u2019acc\u00e8s aux services propos\u00e9s. En aucun cas, les cookies de ce site ne pourront servir \u00e0 collecter des donn\u00e9es personnelles sans votre accord expr\u00e8s. Ces informations ne seront pas transmises en dehors du KMCR et de ses partenaires et ne seront pas utilis\u00e9es dans le cadre de campagnes de communication non sollicit\u00e9es. Nous vous informons que vous pouvez vous opposer \u00e0 l\u2019enregistrement de ces cookies en configurant votre ordinateur selon les modalit\u00e9s d\u00e9taill\u00e9es sur le site : <a href=\"http:\/\/www.cnil.fr\/\" target=\"_blank\" rel=\"noreferrer noopener\">www.cnil.f<\/a><\/p>\n<p><\/p>\t\t\t\t\t\t\t\t<\/div>\n\t\t\t\t<\/div>\n\t\t\t\t\t<\/div>\n\t\t<\/div>\n\t\t\t\t\t<\/div>\n\t\t<\/section>\n\t\t\t\t<\/div>\n\t\t","protected":false},"excerpt":{"rendered":"<p>Mention l\u00e9gales MENTIONS L\u00c9GALES. En vertu de l\u2019article 6 de la loi n\u00b0 2004-575 du 21 juin 2004 pour la confiance dans l\u2019\u00e9conomie num\u00e9rique, il est pr\u00e9cis\u00e9 aux utilisateurs du site internet&nbsp;https:\/\/kmcr.fr&nbsp;l\u2019identit\u00e9 des diff\u00e9rents intervenants dans le cadre de sa r\u00e9alisation et de son suivi : Propri\u00e9taire : Krav Maga Rennes (ci-apr\u00e8s KMCR) est une&#8230;<\/p>\n","protected":false},"author":1,"featured_media":0,"parent":0,"menu_order":0,"comment_status":"closed","ping_status":"closed","template":"","meta":{"_monsterinsights_skip_tracking":false,"_monsterinsights_sitenote_active":false,"_monsterinsights_sitenote_note":"","_monsterinsights_sitenote_category":0,"_kad_post_transparent":"","_kad_post_title":"","_kad_post_layout":"","_kad_post_sidebar_id":"","_kad_post_content_style":"","_kad_post_vertical_padding":"","_kad_post_feature":"","_kad_post_feature_position":"","_kad_post_header":false,"_kad_post_footer":false,"_kad_post_classname":"","footnotes":""},"class_list":["post-3","page","type-page","status-publish","hentry"],"_links":{"self":[{"href":"https:\/\/kmcr.fr\/index.php\/wp-json\/wp\/v2\/pages\/3","targetHints":{"allow":["GET"]}}],"collection":[{"href":"https:\/\/kmcr.fr\/index.php\/wp-json\/wp\/v2\/pages"}],"about":[{"href":"https:\/\/kmcr.fr\/index.php\/wp-json\/wp\/v2\/types\/page"}],"author":[{"embeddable":true,"href":"https:\/\/kmcr.fr\/index.php\/wp-json\/wp\/v2\/users\/1"}],"replies":[{"embeddable":true,"href":"https:\/\/kmcr.fr\/index.php\/wp-json\/wp\/v2\/comments?post=3"}],"version-history":[{"count":23,"href":"https:\/\/kmcr.fr\/index.php\/wp-json\/wp\/v2\/pages\/3\/revisions"}],"predecessor-version":[{"id":1300,"href":"https:\/\/kmcr.fr\/index.php\/wp-json\/wp\/v2\/pages\/3\/revisions\/1300"}],"wp:attachment":[{"href":"https:\/\/kmcr.fr\/index.php\/wp-json\/wp\/v2\/media?parent=3"}],"curies":[{"name":"wp","href":"https:\/\/api.w.org\/{rel}","templated":true}]}}